{"id":178,"date":"2025-08-29T10:58:43","date_gmt":"2025-08-29T15:58:43","guid":{"rendered":"https:\/\/serviciosamigables.saludcentro.gov.co\/?page_id=178"},"modified":"2025-08-29T11:33:03","modified_gmt":"2025-08-29T16:33:03","slug":"servicios","status":"publish","type":"page","link":"https:\/\/serviciosamigables.saludcentro.gov.co\/?page_id=178","title":{"rendered":"servicios"},"content":{"rendered":"\t\t<div data-elementor-type=\"wp-page\" data-elementor-id=\"178\" class=\"elementor elementor-178\" data-elementor-post-type=\"page\">\n\t\t\t\t<div class=\"elementor-element elementor-element-87d022a e-con-full e-flex e-con e-parent\" data-id=\"87d022a\" data-element_type=\"container\">\n\t\t<div class=\"elementor-element elementor-element-42b1c99 e-con-full e-flex e-con e-child\" data-id=\"42b1c99\" data-element_type=\"container\" data-settings=\"{&quot;background_background&quot;:&quot;classic&quot;}\">\n\t\t\t\t<div class=\"elementor-element elementor-element-009ef9a elementor-widget elementor-widget-image\" data-id=\"009ef9a\" data-element_type=\"widget\" data-widget_type=\"image.default\">\n\t\t\t\t\t\t\t\t\t\t\t\t\t\t\t<img fetchpriority=\"high\" decoding=\"async\" width=\"486\" height=\"238\" src=\"https:\/\/serviciosamigables.saludcentro.gov.co\/wp-content\/uploads\/2025\/08\/foot1-2.avif\" class=\"attachment-large size-large wp-image-63\" alt=\"\" \/>\t\t\t\t\t\t\t\t\t\t\t\t\t\t\t<\/div>\n\t\t\t\t<div class=\"elementor-element elementor-element-67cbf6f elementor-widget elementor-widget-heading\" data-id=\"67cbf6f\" data-element_type=\"widget\" data-widget_type=\"heading.default\">\n\t\t\t\t\t<h1 class=\"elementor-heading-title elementor-size-default\">Nuestros servicios<\/h1>\t\t\t\t<\/div>\n\t\t\t\t<div class=\"elementor-element elementor-element-a769ff4 elementor-widget elementor-widget-text-editor\" data-id=\"a769ff4\" data-element_type=\"widget\" data-widget_type=\"text-editor.default\">\n\t\t\t\t\t\t\t\t\t<p><strong>Nuestro compromiso<\/strong> va m\u00e1s all\u00e1 de la consulta. Ofrecemos orientaci\u00f3n en salud sexual y reproductiva, prevenci\u00f3n de enfermedades, atenci\u00f3n en salud mental, y el desarrollo de proyectos de vida. Todo esto respaldado por profesionales capacitados que priorizan el respeto, la confidencialidad y el bienestar de quienes nos visitan.<\/p><p>\u200bTe invitamos a conocer m\u00e1s sobre nuestros servicios, dise\u00f1ados especialmente para apoyarte en la construcci\u00f3n de un futuro saludable y pleno.<\/p><p><strong>\u00a1Estamos aqu\u00ed para escucharte y acompa\u00f1arte!<\/strong><\/p>\t\t\t\t\t\t\t\t<\/div>\n\t\t\t\t<\/div>\n\t\t<div class=\"elementor-element elementor-element-904b3ca e-con-full e-flex e-con e-child\" data-id=\"904b3ca\" data-element_type=\"container\" data-settings=\"{&quot;background_background&quot;:&quot;classic&quot;}\">\n\t\t\t\t<div class=\"elementor-element elementor-element-d234918 elementor-widget elementor-widget-image\" data-id=\"d234918\" data-element_type=\"widget\" data-widget_type=\"image.default\">\n\t\t\t\t\t\t\t\t\t\t\t\t\t\t\t<img decoding=\"async\" width=\"554\" height=\"359\" src=\"https:\/\/serviciosamigables.saludcentro.gov.co\/wp-content\/uploads\/2025\/08\/servicios1.avif\" class=\"attachment-large size-large wp-image-187\" alt=\"\" \/>\t\t\t\t\t\t\t\t\t\t\t\t\t\t\t<\/div>\n\t\t\t\t<div class=\"elementor-element elementor-element-6c56f7d elementor-widget elementor-widget-image\" data-id=\"6c56f7d\" data-element_type=\"widget\" data-widget_type=\"image.default\">\n\t\t\t\t\t\t\t\t\t\t\t\t\t\t\t<img decoding=\"async\" width=\"506\" height=\"461\" src=\"https:\/\/serviciosamigables.saludcentro.gov.co\/wp-content\/uploads\/2025\/08\/servicios2-1.avif\" class=\"attachment-large size-large wp-image-188\" alt=\"\" \/>\t\t\t\t\t\t\t\t\t\t\t\t\t\t\t<\/div>\n\t\t\t\t<\/div>\n\t\t\t\t<\/div>\n\t\t<div class=\"elementor-element elementor-element-18f056c e-flex e-con-boxed e-con e-parent\" data-id=\"18f056c\" data-element_type=\"container\" data-settings=\"{&quot;background_background&quot;:&quot;classic&quot;}\">\n\t\t\t\t\t<div class=\"e-con-inner\">\n\t\t<div class=\"elementor-element elementor-element-c35e767 e-con-full e-flex e-con e-child\" data-id=\"c35e767\" data-element_type=\"container\">\n\t\t\t\t<div class=\"elementor-element elementor-element-001a621 elementor-widget elementor-widget-image\" data-id=\"001a621\" data-element_type=\"widget\" data-widget_type=\"image.default\">\n\t\t\t\t\t\t\t\t\t\t\t\t\t\t\t<img loading=\"lazy\" decoding=\"async\" width=\"121\" height=\"121\" src=\"https:\/\/serviciosamigables.saludcentro.gov.co\/wp-content\/uploads\/2025\/08\/servicios3.avif\" class=\"attachment-large size-large wp-image-192\" alt=\"\" \/>\t\t\t\t\t\t\t\t\t\t\t\t\t\t\t<\/div>\n\t\t\t\t<div class=\"elementor-element elementor-element-404fd6c elementor-widget elementor-widget-text-editor\" data-id=\"404fd6c\" data-element_type=\"widget\" data-widget_type=\"text-editor.default\">\n\t\t\t\t\t\t\t\t\t<ul><li>\u00a0Consulta m\u00e9dica<\/li><li>Tamizaje de riesgo cardiovascular.<\/li><li>Vacunaci\u00f3n de toxoide tet\u00e1nico dift\u00e9rico -VPH.<\/li><li>Tamizaje de VIH\/ S\u00edfilis \/ Hepatitis B y C.<\/li><\/ul>\t\t\t\t\t\t\t\t<\/div>\n\t\t\t\t<\/div>\n\t\t<div class=\"elementor-element elementor-element-c2dc671 e-con-full e-flex e-con e-child\" data-id=\"c2dc671\" data-element_type=\"container\">\n\t\t\t\t<div class=\"elementor-element elementor-element-12e3f2e elementor-widget elementor-widget-image\" data-id=\"12e3f2e\" data-element_type=\"widget\" data-widget_type=\"image.default\">\n\t\t\t\t\t\t\t\t\t\t\t\t\t\t\t<img loading=\"lazy\" decoding=\"async\" width=\"121\" height=\"121\" src=\"https:\/\/serviciosamigables.saludcentro.gov.co\/wp-content\/uploads\/2025\/08\/servicios4.avif\" class=\"attachment-large size-large wp-image-193\" alt=\"\" \/>\t\t\t\t\t\t\t\t\t\t\t\t\t\t\t<\/div>\n\t\t\t\t<div class=\"elementor-element elementor-element-757a905 elementor-widget elementor-widget-text-editor\" data-id=\"757a905\" data-element_type=\"widget\" data-widget_type=\"text-editor.default\">\n\t\t\t\t\t\t\t\t\t<ul><li>\u00a0Asesor\u00eda en salud sexual y reproductiva con enfoque diferencial.<\/li><li>Jornadas de salud.<\/li><li>Consulta preconcepcional<\/li><\/ul>\t\t\t\t\t\t\t\t<\/div>\n\t\t\t\t<\/div>\n\t\t<div class=\"elementor-element elementor-element-95d5864 e-con-full e-flex e-con e-child\" data-id=\"95d5864\" data-element_type=\"container\">\n\t\t\t\t<div class=\"elementor-element elementor-element-2833cd1 elementor-widget elementor-widget-image\" data-id=\"2833cd1\" data-element_type=\"widget\" data-widget_type=\"image.default\">\n\t\t\t\t\t\t\t\t\t\t\t\t\t\t\t<img loading=\"lazy\" decoding=\"async\" width=\"121\" height=\"121\" src=\"https:\/\/serviciosamigables.saludcentro.gov.co\/wp-content\/uploads\/2025\/08\/servicios5.avif\" class=\"attachment-large size-large wp-image-194\" alt=\"\" \/>\t\t\t\t\t\t\t\t\t\t\t\t\t\t\t<\/div>\n\t\t\t\t<div class=\"elementor-element elementor-element-7469922 elementor-widget elementor-widget-text-editor\" data-id=\"7469922\" data-element_type=\"widget\" data-widget_type=\"text-editor.default\">\n\t\t\t\t\t\t\t\t\t<ul><li>Atenci\u00f3n en salud mental con \u00e9nfasis en adolescentes y j\u00f3venes.<\/li><li>Asesor\u00eda en casos de violencia sexual y familiar.<\/li><li>Educaci\u00f3n grupal en Instituciones Educativas.<\/li><li>Orientaci\u00f3n y elaboraci\u00f3n proyecto de vida.<\/li><\/ul>\t\t\t\t\t\t\t\t<\/div>\n\t\t\t\t<\/div>\n\t\t\t\t\t<\/div>\n\t\t\t\t<\/div>\n\t\t\t\t<\/div>\n\t\t","protected":false},"excerpt":{"rendered":"<p>Nuestros servicios Nuestro compromiso va m\u00e1s all\u00e1 de la consulta. Ofrecemos orientaci\u00f3n en salud sexual y reproductiva, prevenci\u00f3n de enfermedades, [&hellip;]<\/p>\n","protected":false},"author":1,"featured_media":0,"parent":0,"menu_order":0,"comment_status":"closed","ping_status":"closed","template":"","meta":{"site-sidebar-layout":"no-sidebar","site-content-layout":"","ast-site-content-layout":"full-width-container","site-content-style":"default","site-sidebar-style":"default","ast-global-header-display":"","ast-banner-title-visibility":"","ast-main-header-display":"","ast-hfb-above-header-display":"","ast-hfb-below-header-display":"","ast-hfb-mobile-header-display":"","site-post-title":"disabled","ast-breadcrumbs-content":"","ast-featured-img":"disabled","footer-sml-layout":"","theme-transparent-header-meta":"","adv-header-id-meta":"","stick-header-meta":"","header-above-stick-meta":"","header-main-stick-meta":"","header-below-stick-meta":"","astra-migrate-meta-layouts":"default","ast-page-background-enabled":"default","ast-page-background-meta":{"desktop":{"background-color":"var(--ast-global-color-5)","background-image":"","background-repeat":"repeat","background-position":"center center","background-size":"auto","background-attachment":"scroll","background-type":"","background-media":"","overlay-type":"","overlay-color":"","overlay-opacity":"","overlay-gradient":""},"tablet":{"background-color":"","background-image":"","background-repeat":"repeat","background-position":"center center","background-size":"auto","background-attachment":"scroll","background-type":"","background-media":"","overlay-type":"","overlay-color":"","overlay-opacity":"","overlay-gradient":""},"mobile":{"background-color":"","background-image":"","background-repeat":"repeat","background-position":"center center","background-size":"auto","background-attachment":"scroll","background-type":"","background-media":"","overlay-type":"","overlay-color":"","overlay-opacity":"","overlay-gradient":""}},"ast-content-background-meta":{"desktop":{"background-color":"var(--ast-global-color-4)","background-image":"","background-repeat":"repeat","background-position":"center center","background-size":"auto","background-attachment":"scroll","background-type":"","background-media":"","overlay-type":"","overlay-color":"","overlay-opacity":"","overlay-gradient":""},"tablet":{"background-color":"var(--ast-global-color-4)","background-image":"","background-repeat":"repeat","background-position":"center center","background-size":"auto","background-attachment":"scroll","background-type":"","background-media":"","overlay-type":"","overlay-color":"","overlay-opacity":"","overlay-gradient":""},"mobile":{"background-color":"var(--ast-global-color-4)","background-image":"","background-repeat":"repeat","background-position":"center center","background-size":"auto","background-attachment":"scroll","background-type":"","background-media":"","overlay-type":"","overlay-color":"","overlay-opacity":"","overlay-gradient":""}},"footnotes":""},"class_list":["post-178","page","type-page","status-publish","hentry"],"_links":{"self":[{"href":"https:\/\/serviciosamigables.saludcentro.gov.co\/index.php?rest_route=\/wp\/v2\/pages\/178","targetHints":{"allow":["GET"]}}],"collection":[{"href":"https:\/\/serviciosamigables.saludcentro.gov.co\/index.php?rest_route=\/wp\/v2\/pages"}],"about":[{"href":"https:\/\/serviciosamigables.saludcentro.gov.co\/index.php?rest_route=\/wp\/v2\/types\/page"}],"author":[{"embeddable":true,"href":"https:\/\/serviciosamigables.saludcentro.gov.co\/index.php?rest_route=\/wp\/v2\/users\/1"}],"replies":[{"embeddable":true,"href":"https:\/\/serviciosamigables.saludcentro.gov.co\/index.php?rest_route=%2Fwp%2Fv2%2Fcomments&post=178"}],"version-history":[{"count":13,"href":"https:\/\/serviciosamigables.saludcentro.gov.co\/index.php?rest_route=\/wp\/v2\/pages\/178\/revisions"}],"predecessor-version":[{"id":204,"href":"https:\/\/serviciosamigables.saludcentro.gov.co\/index.php?rest_route=\/wp\/v2\/pages\/178\/revisions\/204"}],"wp:attachment":[{"href":"https:\/\/serviciosamigables.saludcentro.gov.co\/index.php?rest_route=%2Fwp%2Fv2%2Fmedia&parent=178"}],"curies":[{"name":"wp","href":"https:\/\/api.w.org\/{rel}","templated":true}]}}