{"id":138,"date":"2025-08-28T16:50:06","date_gmt":"2025-08-28T21:50:06","guid":{"rendered":"https:\/\/serviciosamigables.saludcentro.gov.co\/?page_id=138"},"modified":"2025-08-29T13:46:57","modified_gmt":"2025-08-29T18:46:57","slug":"conoce-tus-derechos","status":"publish","type":"page","link":"https:\/\/serviciosamigables.saludcentro.gov.co\/?page_id=138","title":{"rendered":"conoce tus derechos"},"content":{"rendered":"\t\t<div data-elementor-type=\"wp-page\" data-elementor-id=\"138\" class=\"elementor elementor-138\" data-elementor-post-type=\"page\">\n\t\t\t\t<div class=\"elementor-element elementor-element-888a1d4 e-flex e-con-boxed e-con e-parent\" data-id=\"888a1d4\" data-element_type=\"container\" data-settings=\"{&quot;background_background&quot;:&quot;classic&quot;}\">\n\t\t\t\t\t<div class=\"e-con-inner\">\n\t\t<div class=\"elementor-element elementor-element-c4ba648 e-con-full e-flex e-con e-child\" data-id=\"c4ba648\" data-element_type=\"container\">\n\t\t\t\t<div class=\"elementor-element elementor-element-b99d686 elementor-widget elementor-widget-image\" data-id=\"b99d686\" data-element_type=\"widget\" data-widget_type=\"image.default\">\n\t\t\t\t\t\t\t\t\t\t\t\t\t\t\t<img fetchpriority=\"high\" decoding=\"async\" width=\"600\" height=\"185\" src=\"https:\/\/serviciosamigables.saludcentro.gov.co\/wp-content\/uploads\/2025\/08\/49d3c4_c119587acc1f46fdb8f0ee4b119a3ca7mv2.avif\" class=\"attachment-large size-large wp-image-148\" alt=\"\" \/>\t\t\t\t\t\t\t\t\t\t\t\t\t\t\t<\/div>\n\t\t\t\t<div class=\"elementor-element elementor-element-083ba69 elementor-widget elementor-widget-text-editor\" data-id=\"083ba69\" data-element_type=\"widget\" data-widget_type=\"text-editor.default\">\n\t\t\t\t\t\t\t\t\t<p>\u00a01. Fortalecer la autonom\u00eda y la autoestima en tu sexualidad.<\/p><p>2. Explorar y disfrutar de una vida sexual placentera.<\/p><p>3.Vivir una sexualidad libre y placentera.<\/p><p>4. Elegir tus parejas sexuales.<\/p><p>5. Vivir tu sexualidad sin ning\u00fan tipo de violencia.<\/p><p>6. Tener relaciones sexuales consensuadas.<\/p><p>7. Elegir d\u00f3nde, cu\u00e1ndo y con qui\u00e9n iniciar tu vida sexual.<\/p>\t\t\t\t\t\t\t\t<\/div>\n\t\t\t\t<\/div>\n\t\t<div class=\"elementor-element elementor-element-917413b e-con-full e-flex e-con e-child\" data-id=\"917413b\" data-element_type=\"container\">\n\t\t\t\t<div class=\"elementor-element elementor-element-0968baf elementor-widget elementor-widget-text-editor\" data-id=\"0968baf\" data-element_type=\"widget\" data-widget_type=\"text-editor.default\">\n\t\t\t\t\t\t\t\t\t<p><\/p>\n<p><br><\/p><p>8. Decidir sobre tu uni\u00f3n con otras personas.<\/p>\n<p>9. Vivir y expresar libremente tu orientaci\u00f3n sexual e identidad de g\u00e9nero.<\/p>\n<p>10. Proteger y prevenir Infecciones de Trasmisi\u00f3n Sexual (ITS) o embarazos no deseados.<\/p>\n<p>11. Recibir informaci\u00f3n y acceso a servicios de salud de calidad sobre sexualidad, sin ning\u00fan tipo de discriminaci\u00f3n.<\/p>\t\t\t\t\t\t\t\t<\/div>\n\t\t\t\t<\/div>\n\t\t\t\t\t<\/div>\n\t\t\t\t<\/div>\n\t\t<div class=\"elementor-element elementor-element-f0d43d7 e-flex e-con-boxed e-con e-parent\" data-id=\"f0d43d7\" data-element_type=\"container\" data-settings=\"{&quot;background_background&quot;:&quot;classic&quot;}\">\n\t\t\t\t\t<div class=\"e-con-inner\">\n\t\t<div class=\"elementor-element elementor-element-a759692 e-con-full e-flex e-con e-child\" data-id=\"a759692\" data-element_type=\"container\">\n\t\t\t\t<div class=\"elementor-element elementor-element-97e4d0a elementor-widget elementor-widget-image\" data-id=\"97e4d0a\" data-element_type=\"widget\" data-widget_type=\"image.default\">\n\t\t\t\t\t\t\t\t\t\t\t\t\t\t\t<img decoding=\"async\" width=\"600\" height=\"170\" src=\"https:\/\/serviciosamigables.saludcentro.gov.co\/wp-content\/uploads\/2025\/08\/imagen2.avif\" class=\"attachment-large size-large wp-image-152\" alt=\"\" \/>\t\t\t\t\t\t\t\t\t\t\t\t\t\t\t<\/div>\n\t\t\t\t<div class=\"elementor-element elementor-element-9e40631 elementor-widget elementor-widget-text-editor\" data-id=\"9e40631\" data-element_type=\"widget\" data-widget_type=\"text-editor.default\">\n\t\t\t\t\t\t\t\t\t<p>\u00a0<\/p><p>1. Tomar decisiones sobre la reproducci\u00f3n sin discriminaci\u00f3n o violencia.<\/p><p>2. Decidir si quieres o no tener hijos.<\/p><p>3.Decidir sobre el n\u00famero de hijos que quieres tener y el espacio de tiempo entre un embarazo y otro.<\/p><p>4. Elegir el tipo de familia que quieres formar.<\/p><p>5. Ejercer maternidad con un trato equitativo en familia, espacios de educaci\u00f3n y trabajo.<\/p><p>6. Acceder a m\u00e9todos de anticoncepci\u00f3n incluida la anticoncepci\u00f3n de emergencia.<\/p><p>7. Acceso a los servicios integrales de salud y atenci\u00f3n m\u00e9dica para garantizar la maternidad segura.<\/p>\t\t\t\t\t\t\t\t<\/div>\n\t\t\t\t<\/div>\n\t\t<div class=\"elementor-element elementor-element-bf1f2dd e-con-full e-flex e-con e-child\" data-id=\"bf1f2dd\" data-element_type=\"container\">\n\t\t\t\t<div class=\"elementor-element elementor-element-18c7a06 elementor-widget elementor-widget-text-editor\" data-id=\"18c7a06\" data-element_type=\"widget\" data-widget_type=\"text-editor.default\">\n\t\t\t\t\t\t\t\t\t<p>\u00a0<\/p><p>8. Acceso a los beneficios de los avances cient\u00edficos en la salud sexual y reproductiva.<\/p><p>9. Acceso a informaci\u00f3n de calidad que permita tomar decisiones sobre prevenci\u00f3n de embarazos no deseados; anticoncepci\u00f3n inmediata despu\u00e9s de un parto o aborto e Interrupci\u00f3n Voluntaria del Embarazo (IVE).<\/p><p>10. Acceso a servicios seguros para la Interrupci\u00f3n Voluntaria del Embarazo (IVE), acorde con la Sentencia C-055 de 2022.<\/p><p><a href=\"https:\/\/profamilia.org.co\/aprende\/cuerpo-sexualidad\/derechos-sexuales-y-derechos-reproductivos\/#:~:text=%C2%BFCu%C3%A1les%20son%20los%20Derechos%20Sexuales,la%20sexualidad%20y%20la%20reproducci%C3%B3n.\">Tomado de profamilia<\/a><\/p>\t\t\t\t\t\t\t\t<\/div>\n\t\t\t\t<\/div>\n\t\t\t\t\t<\/div>\n\t\t\t\t<\/div>\n\t\t<div class=\"elementor-element elementor-element-269e80e e-flex e-con-boxed e-con e-parent\" data-id=\"269e80e\" data-element_type=\"container\" data-settings=\"{&quot;background_background&quot;:&quot;classic&quot;}\">\n\t\t\t\t\t<div class=\"e-con-inner\">\n\t\t\t\t<div class=\"elementor-element elementor-element-8ecaccb elementor-widget elementor-widget-image\" data-id=\"8ecaccb\" data-element_type=\"widget\" data-widget_type=\"image.default\">\n\t\t\t\t\t\t\t\t\t\t\t\t\t\t\t<img decoding=\"async\" width=\"600\" height=\"170\" src=\"https:\/\/serviciosamigables.saludcentro.gov.co\/wp-content\/uploads\/2025\/08\/imagen3.avif\" class=\"attachment-large size-large wp-image-159\" alt=\"\" \/>\t\t\t\t\t\t\t\t\t\t\t\t\t\t\t<\/div>\n\t\t\t\t<div class=\"elementor-element elementor-element-2ed9afc elementor-widget elementor-widget-text-editor\" data-id=\"2ed9afc\" data-element_type=\"widget\" data-widget_type=\"text-editor.default\">\n\t\t\t\t\t\t\t\t\t<p>Los m\u00e9todos anticonceptivos son <span style=\"color: #ffca03;\">herramientas utilizadas para prevenir el embarazo <\/span>al regular la fertilidad y evitar la concepci\u00f3n durante las relaciones sexuales.<span style=\"color: #ffca03;\"> Existen diversos m\u00e9todos<\/span> con diferentes niveles de eficacia y mecanismos de acci\u00f3n.<\/p>\t\t\t\t\t\t\t\t<\/div>\n\t\t<div class=\"elementor-element elementor-element-0e7977d e-con-full e-flex e-con e-child\" data-id=\"0e7977d\" data-element_type=\"container\">\n\t\t<div class=\"elementor-element elementor-element-40ff639 e-con-full e-flex e-con e-child\" data-id=\"40ff639\" data-element_type=\"container\">\n\t\t<div class=\"elementor-element elementor-element-bacbdef e-con-full e-flex e-con e-child\" data-id=\"bacbdef\" data-element_type=\"container\">\n\t\t\t\t<div class=\"elementor-element elementor-element-cb267dd elementor-widget elementor-widget-image\" data-id=\"cb267dd\" data-element_type=\"widget\" data-widget_type=\"image.default\">\n\t\t\t\t\t\t\t\t\t\t\t\t\t\t\t<img loading=\"lazy\" decoding=\"async\" width=\"280\" height=\"300\" src=\"https:\/\/serviciosamigables.saludcentro.gov.co\/wp-content\/uploads\/2025\/08\/derechos1-280x300-1.avif\" class=\"attachment-large size-large wp-image-161\" alt=\"\" \/>\t\t\t\t\t\t\t\t\t\t\t\t\t\t\t<\/div>\n\t\t\t\t<\/div>\n\t\t<div class=\"elementor-element elementor-element-f924f86 e-con-full e-flex e-con e-child\" data-id=\"f924f86\" data-element_type=\"container\">\n\t\t\t\t<div class=\"elementor-element elementor-element-c3a78b0 elementor-widget elementor-widget-heading\" data-id=\"c3a78b0\" data-element_type=\"widget\" data-widget_type=\"heading.default\">\n\t\t\t\t\t<h5 class=\"elementor-heading-title elementor-size-default\">Anticonceptivos Hormonales<\/h5>\t\t\t\t<\/div>\n\t\t\t\t<div class=\"elementor-element elementor-element-d5be438 elementor-widget elementor-widget-text-editor\" data-id=\"d5be438\" data-element_type=\"widget\" data-widget_type=\"text-editor.default\">\n\t\t\t\t\t\t\t\t\t<p>Como las p\u00edldoras anticonceptivas, parches, inyecciones y anillos vaginales contienen hormonas sint\u00e9ticas, como estr\u00f3geno y progest\u00e1geno, dise\u00f1adas para prevenir la ovulaci\u00f3n y modificar la mucosa cervical, lo que dificulta la fertilizaci\u00f3n del \u00f3vulo.<\/p>\t\t\t\t\t\t\t\t<\/div>\n\t\t\t\t<\/div>\n\t\t\t\t<\/div>\n\t\t<div class=\"elementor-element elementor-element-a640f75 e-con-full e-flex e-con e-child\" data-id=\"a640f75\" data-element_type=\"container\">\n\t\t<div class=\"elementor-element elementor-element-52113d6 e-con-full e-flex e-con e-child\" data-id=\"52113d6\" data-element_type=\"container\">\n\t\t\t\t<div class=\"elementor-element elementor-element-bb4e477 elementor-widget elementor-widget-image\" data-id=\"bb4e477\" data-element_type=\"widget\" data-widget_type=\"image.default\">\n\t\t\t\t\t\t\t\t\t\t\t\t\t\t\t<img loading=\"lazy\" decoding=\"async\" width=\"280\" height=\"300\" src=\"https:\/\/serviciosamigables.saludcentro.gov.co\/wp-content\/uploads\/2025\/08\/derechos3-280x300-1.avif\" class=\"attachment-large size-large wp-image-162\" alt=\"\" \/>\t\t\t\t\t\t\t\t\t\t\t\t\t\t\t<\/div>\n\t\t\t\t<\/div>\n\t\t<div class=\"elementor-element elementor-element-585b2f9 e-con-full e-flex e-con e-child\" data-id=\"585b2f9\" data-element_type=\"container\">\n\t\t\t\t<div class=\"elementor-element elementor-element-e7e4ddb elementor-widget elementor-widget-heading\" data-id=\"e7e4ddb\" data-element_type=\"widget\" data-widget_type=\"heading.default\">\n\t\t\t\t\t<h5 class=\"elementor-heading-title elementor-size-default\">M\u00e9todos de Barrera<\/h5>\t\t\t\t<\/div>\n\t\t\t\t<div class=\"elementor-element elementor-element-fccbf1b elementor-widget elementor-widget-text-editor\" data-id=\"fccbf1b\" data-element_type=\"widget\" data-widget_type=\"text-editor.default\">\n\t\t\t\t\t\t\t\t\t<p>Incluyen el preservativo interno y externo, as\u00ed como los diafragmas y capuchones cervicales. Estos m\u00e9todos act\u00faan como barreras f\u00edsicas que bloquean el paso de los espermatozoides hacia el \u00fatero, adem\u00e1s de evitar el contacto directo entre los fluidos sexuales.<\/p>\t\t\t\t\t\t\t\t<\/div>\n\t\t\t\t<\/div>\n\t\t\t\t<\/div>\n\t\t\t\t<\/div>\n\t\t<div class=\"elementor-element elementor-element-1669d2a e-con-full e-flex e-con e-child\" data-id=\"1669d2a\" data-element_type=\"container\">\n\t\t<div class=\"elementor-element elementor-element-45e9822 e-con-full e-flex e-con e-child\" data-id=\"45e9822\" data-element_type=\"container\">\n\t\t<div class=\"elementor-element elementor-element-f220614 e-con-full e-flex e-con e-child\" data-id=\"f220614\" data-element_type=\"container\">\n\t\t\t\t<div class=\"elementor-element elementor-element-52cf69c elementor-widget elementor-widget-image\" data-id=\"52cf69c\" data-element_type=\"widget\" data-widget_type=\"image.default\">\n\t\t\t\t\t\t\t\t\t\t\t\t\t\t\t<img loading=\"lazy\" decoding=\"async\" width=\"280\" height=\"300\" src=\"https:\/\/serviciosamigables.saludcentro.gov.co\/wp-content\/uploads\/2025\/08\/derechos2-280x300-1.avif\" class=\"attachment-large size-large wp-image-163\" alt=\"\" \/>\t\t\t\t\t\t\t\t\t\t\t\t\t\t\t<\/div>\n\t\t\t\t<\/div>\n\t\t<div class=\"elementor-element elementor-element-b7b9862 e-con-full e-flex e-con e-child\" data-id=\"b7b9862\" data-element_type=\"container\">\n\t\t\t\t<div class=\"elementor-element elementor-element-a5327e8 elementor-widget elementor-widget-heading\" data-id=\"a5327e8\" data-element_type=\"widget\" data-widget_type=\"heading.default\">\n\t\t\t\t\t<h5 class=\"elementor-heading-title elementor-size-default\">Dispositivo Intrauterino (DIU)<\/h5>\t\t\t\t<\/div>\n\t\t\t\t<div class=\"elementor-element elementor-element-d2f0b38 elementor-widget elementor-widget-text-editor\" data-id=\"d2f0b38\" data-element_type=\"widget\" data-widget_type=\"text-editor.default\">\n\t\t\t\t\t\t\t\t\t<p>Es un peque\u00f1o dispositivo de pl\u00e1stico o metal que se coloca dentro del \u00fatero para prevenir la fertilizaci\u00f3n del \u00f3vulo y alterar el revestimiento del \u00fatero, impidiendo la implantaci\u00f3n de un \u00f3vulo fertilizado.<\/p>\t\t\t\t\t\t\t\t<\/div>\n\t\t\t\t<\/div>\n\t\t\t\t<\/div>\n\t\t<div class=\"elementor-element elementor-element-4a66f47 e-con-full e-flex e-con e-child\" data-id=\"4a66f47\" data-element_type=\"container\">\n\t\t<div class=\"elementor-element elementor-element-3c253d4 e-con-full e-flex e-con e-child\" data-id=\"3c253d4\" data-element_type=\"container\">\n\t\t\t\t<div class=\"elementor-element elementor-element-15a5e6c elementor-widget elementor-widget-image\" data-id=\"15a5e6c\" data-element_type=\"widget\" data-widget_type=\"image.default\">\n\t\t\t\t\t\t\t\t\t\t\t\t\t\t\t<img loading=\"lazy\" decoding=\"async\" width=\"280\" height=\"300\" src=\"https:\/\/serviciosamigables.saludcentro.gov.co\/wp-content\/uploads\/2025\/08\/derechos3-280x300-1.avif\" class=\"attachment-large size-large wp-image-162\" alt=\"\" \/>\t\t\t\t\t\t\t\t\t\t\t\t\t\t\t<\/div>\n\t\t\t\t<\/div>\n\t\t<div class=\"elementor-element elementor-element-8c96034 e-con-full e-flex e-con e-child\" data-id=\"8c96034\" data-element_type=\"container\">\n\t\t\t\t<div class=\"elementor-element elementor-element-b941fc4 elementor-widget elementor-widget-heading\" data-id=\"b941fc4\" data-element_type=\"widget\" data-widget_type=\"heading.default\">\n\t\t\t\t\t<h5 class=\"elementor-heading-title elementor-size-default\">Esterilizaci\u00f3n<\/h5>\t\t\t\t<\/div>\n\t\t\t\t<div class=\"elementor-element elementor-element-4027b0e elementor-widget elementor-widget-text-editor\" data-id=\"4027b0e\" data-element_type=\"widget\" data-widget_type=\"text-editor.default\">\n\t\t\t\t\t\t\t\t\t<p>Es un m\u00e9todo permanente de anticoncepci\u00f3n que implica la ligadura de trompas en mujeres o la vasectom\u00eda en hombres, para evitar la fertilizaci\u00f3n de los \u00f3vulos o la liberaci\u00f3n de espermatozoides.<\/p>\t\t\t\t\t\t\t\t<\/div>\n\t\t\t\t<\/div>\n\t\t\t\t<\/div>\n\t\t\t\t<\/div>\n\t\t\t\t\t<\/div>\n\t\t\t\t<\/div>\n\t\t<div class=\"elementor-element elementor-element-98eb673 e-flex e-con-boxed e-con e-parent\" data-id=\"98eb673\" data-element_type=\"container\" data-settings=\"{&quot;background_background&quot;:&quot;classic&quot;}\">\n\t\t\t\t\t<div class=\"e-con-inner\">\n\t\t\t\t<div class=\"elementor-element elementor-element-6356a2d elementor-widget elementor-widget-heading\" data-id=\"6356a2d\" data-element_type=\"widget\" data-widget_type=\"heading.default\">\n\t\t\t\t\t<h2 class=\"elementor-heading-title elementor-size-default\">Educaci\u00f3n Menstrual<\/h2>\t\t\t\t<\/div>\n\t\t\t\t<div class=\"elementor-element elementor-element-8e48dfc elementor-widget elementor-widget-text-editor\" data-id=\"8e48dfc\" data-element_type=\"widget\" data-widget_type=\"text-editor.default\">\n\t\t\t\t\t\t\t\t\t<p><br \/><strong>\u00bfQu\u00e9 es la Educaci\u00f3n Menstrual?<\/strong><\/p><p>La educaci\u00f3n menstrual es el proceso de informar y empoderar a adolescentes y j\u00f3venes sobre el ciclo menstrual, un proceso natural del cuerpo que marca una parte importante de la salud reproductiva. Incluye conocer qu\u00e9 es la menstruaci\u00f3n, c\u00f3mo afecta el cuerpo y las emociones, c\u00f3mo manejarla de manera saludable y qu\u00e9 opciones existen para una higiene menstrual adecuada. En los Servicios Amigables para Adolescentes y J\u00f3venes (S.S.A.A.J.) de la Red de Salud del Centro E.S.E., ofrecemos informaci\u00f3n clara y confiable para que entiendas tu cuerpo sin miedo ni prejuicios.<\/p><p><strong>\u00bfPor qu\u00e9 es importante la Educaci\u00f3n Menstrual?<\/strong><br \/><br \/>La menstruaci\u00f3n no debe ser un tab\u00fa. Hablar abiertamente sobre este tema ayuda a:<br \/>Empoderarte: Conocer tu ciclo menstrual te permite tomar decisiones informadas sobre tu salud y bienestar.<\/p><ul><li>Romper mitos: Despejamos creencias falsas, como que la menstruaci\u00f3n es \u201cimpura\u201d o que limita tus actividades diarias.<\/li><li>Prevenir problemas de salud: Aprender a identificar cambios en tu ciclo puede ayudarte a detectar a tiempo cualquier irregularidad.<\/li><li>Fomentar la equidad: La educaci\u00f3n menstrual es clave para que todas las personas, sin importar g\u00e9nero, raza u orientaci\u00f3n, comprendan y respeten este proceso natural.<\/li><li>Apoyar la salud mental: Hablar de la menstruaci\u00f3n reduce la verg\u00fcenza y el aislamiento, promoviendo confianza y autoestima.<\/li><\/ul><p>\u00a0<\/p>\t\t\t\t\t\t\t\t<\/div>\n\t\t\t\t\t<\/div>\n\t\t\t\t<\/div>\n\t\t<div class=\"elementor-element elementor-element-62db530 e-flex e-con-boxed e-con e-parent\" data-id=\"62db530\" data-element_type=\"container\" data-settings=\"{&quot;background_background&quot;:&quot;classic&quot;}\">\n\t\t\t\t\t<div class=\"e-con-inner\">\n\t\t\t\t<div class=\"elementor-element elementor-element-ca74d46 elementor-widget elementor-widget-heading\" data-id=\"ca74d46\" data-element_type=\"widget\" data-widget_type=\"heading.default\">\n\t\t\t\t\t<h2 class=\"elementor-heading-title elementor-size-default\">Portafolio de servicios<\/h2>\t\t\t\t<\/div>\n\t\t\t\t<div class=\"elementor-element elementor-element-82c49a5 elementor-widget elementor-widget-text-editor\" data-id=\"82c49a5\" data-element_type=\"widget\" data-widget_type=\"text-editor.default\">\n\t\t\t\t\t\t\t\t\t<p>\u00a0<\/p><div><em><strong>\u00bfC\u00f3mo te apoyamos en los Servicios en Salud Amigables?<\/strong><\/em><\/div><div>\u00a0<\/div><div>En las consultas y consejer\u00edas de planificaci\u00f3n familiar de los S.S.A.A.J., ofrecemos educaci\u00f3n menstrual personalizada, adaptada a tus necesidades. Nuestros profesionales te explicar\u00e1n todo sobre el ciclo menstrual, m\u00e9todos de higiene, manejo de s\u00edntomas (como c\u00f3licos o cambios de \u00e1nimo) y opciones de planificaci\u00f3n familiar, como anticonceptivos, si los necesitas. Todo esto en un espacio seguro, confidencial y sin juicios, donde puedes expresar tus dudas y curiosidades libremente.<\/div><div>\u00a0<\/div><div><em><strong>\u00a1Ac\u00e9rcate a tu IPS m\u00e1s cercana!<\/strong><\/em><\/div><div>\u00a0<\/div><div>La menstruaci\u00f3n no es un tema para susurrar: \u00a1es parte de tu salud y tus derechos! En la Red de Salud del Centro E.S.E., te invitamos a visitar la I.P.S. m\u00e1s cercana, para que resuelvas todas tus preguntas sobre la menstruaci\u00f3n y la salud reproductiva. Aqu\u00ed encontrar\u00e1s:<\/div><ul><li>Profesionales amigables que te escuchar\u00e1n sin estigmatizar, sin importar tu identidad, orientaci\u00f3n sexual o situaci\u00f3n.<\/li><li>Informaci\u00f3n clara sobre c\u00f3mo cuidar tu cuerpo durante la menstruaci\u00f3n<\/li><li>Orientaci\u00f3n sobre derechos sexuales y reproductivos, respaldada por el Ministerio de Salud y el UNFPA.<\/li><\/ul><div>\u00a0<\/div><p>\u00a0<\/p>\t\t\t\t\t\t\t\t<\/div>\n\t\t\t\t\t<\/div>\n\t\t\t\t<\/div>\n\t\t<div class=\"elementor-element elementor-element-7920bdd e-flex e-con-boxed e-con e-parent\" data-id=\"7920bdd\" data-element_type=\"container\" data-settings=\"{&quot;background_background&quot;:&quot;classic&quot;}\">\n\t\t\t\t\t<div class=\"e-con-inner\">\n\t\t\t\t<div class=\"elementor-element elementor-element-92e7c72 elementor-widget elementor-widget-image\" data-id=\"92e7c72\" data-element_type=\"widget\" data-widget_type=\"image.default\">\n\t\t\t\t\t\t\t\t\t\t\t\t\t\t\t<img loading=\"lazy\" decoding=\"async\" width=\"1024\" height=\"576\" src=\"https:\/\/serviciosamigables.saludcentro.gov.co\/wp-content\/uploads\/2025\/08\/IMAGEN-1024x576-1.webp\" class=\"attachment-large size-large wp-image-174\" alt=\"\" srcset=\"https:\/\/serviciosamigables.saludcentro.gov.co\/wp-content\/uploads\/2025\/08\/IMAGEN-1024x576-1.webp 1024w, https:\/\/serviciosamigables.saludcentro.gov.co\/wp-content\/uploads\/2025\/08\/IMAGEN-1024x576-1-300x169.webp 300w, https:\/\/serviciosamigables.saludcentro.gov.co\/wp-content\/uploads\/2025\/08\/IMAGEN-1024x576-1-768x432.webp 768w\" sizes=\"(max-width: 1024px) 100vw, 1024px\" \/>\t\t\t\t\t\t\t\t\t\t\t\t\t\t\t<\/div>\n\t\t\t\t\t<\/div>\n\t\t\t\t<\/div>\n\t\t\t\t<\/div>\n\t\t","protected":false},"excerpt":{"rendered":"<p>\u00a01. Fortalecer la autonom\u00eda y la autoestima en tu sexualidad. 2. Explorar y disfrutar de una vida sexual placentera. 3.Vivir [&hellip;]<\/p>\n","protected":false},"author":1,"featured_media":0,"parent":0,"menu_order":0,"comment_status":"closed","ping_status":"closed","template":"","meta":{"site-sidebar-layout":"no-sidebar","site-content-layout":"","ast-site-content-layout":"full-width-container","site-content-style":"default","site-sidebar-style":"default","ast-global-header-display":"","ast-banner-title-visibility":"","ast-main-header-display":"","ast-hfb-above-header-display":"","ast-hfb-below-header-display":"","ast-hfb-mobile-header-display":"","site-post-title":"disabled","ast-breadcrumbs-content":"","ast-featured-img":"disabled","footer-sml-layout":"","theme-transparent-header-meta":"","adv-header-id-meta":"","stick-header-meta":"","header-above-stick-meta":"","header-main-stick-meta":"","header-below-stick-meta":"","astra-migrate-meta-layouts":"default","ast-page-background-enabled":"default","ast-page-background-meta":{"desktop":{"background-color":"var(--ast-global-color-5)","background-image":"","background-repeat":"repeat","background-position":"center center","background-size":"auto","background-attachment":"scroll","background-type":"","background-media":"","overlay-type":"","overlay-color":"","overlay-opacity":"","overlay-gradient":""},"tablet":{"background-color":"","background-image":"","background-repeat":"repeat","background-position":"center center","background-size":"auto","background-attachment":"scroll","background-type":"","background-media":"","overlay-type":"","overlay-color":"","overlay-opacity":"","overlay-gradient":""},"mobile":{"background-color":"","background-image":"","background-repeat":"repeat","background-position":"center center","background-size":"auto","background-attachment":"scroll","background-type":"","background-media":"","overlay-type":"","overlay-color":"","overlay-opacity":"","overlay-gradient":""}},"ast-content-background-meta":{"desktop":{"background-color":"var(--ast-global-color-4)","background-image":"","background-repeat":"repeat","background-position":"center center","background-size":"auto","background-attachment":"scroll","background-type":"","background-media":"","overlay-type":"","overlay-color":"","overlay-opacity":"","overlay-gradient":""},"tablet":{"background-color":"var(--ast-global-color-4)","background-image":"","background-repeat":"repeat","background-position":"center center","background-size":"auto","background-attachment":"scroll","background-type":"","background-media":"","overlay-type":"","overlay-color":"","overlay-opacity":"","overlay-gradient":""},"mobile":{"background-color":"var(--ast-global-color-4)","background-image":"","background-repeat":"repeat","background-position":"center center","background-size":"auto","background-attachment":"scroll","background-type":"","background-media":"","overlay-type":"","overlay-color":"","overlay-opacity":"","overlay-gradient":""}},"footnotes":""},"class_list":["post-138","page","type-page","status-publish","hentry"],"_links":{"self":[{"href":"https:\/\/serviciosamigables.saludcentro.gov.co\/index.php?rest_route=\/wp\/v2\/pages\/138","targetHints":{"allow":["GET"]}}],"collection":[{"href":"https:\/\/serviciosamigables.saludcentro.gov.co\/index.php?rest_route=\/wp\/v2\/pages"}],"about":[{"href":"https:\/\/serviciosamigables.saludcentro.gov.co\/index.php?rest_route=\/wp\/v2\/types\/page"}],"author":[{"embeddable":true,"href":"https:\/\/serviciosamigables.saludcentro.gov.co\/index.php?rest_route=\/wp\/v2\/users\/1"}],"replies":[{"embeddable":true,"href":"https:\/\/serviciosamigables.saludcentro.gov.co\/index.php?rest_route=%2Fwp%2Fv2%2Fcomments&post=138"}],"version-history":[{"count":28,"href":"https:\/\/serviciosamigables.saludcentro.gov.co\/index.php?rest_route=\/wp\/v2\/pages\/138\/revisions"}],"predecessor-version":[{"id":213,"href":"https:\/\/serviciosamigables.saludcentro.gov.co\/index.php?rest_route=\/wp\/v2\/pages\/138\/revisions\/213"}],"wp:attachment":[{"href":"https:\/\/serviciosamigables.saludcentro.gov.co\/index.php?rest_route=%2Fwp%2Fv2%2Fmedia&parent=138"}],"curies":[{"name":"wp","href":"https:\/\/api.w.org\/{rel}","templated":true}]}}