{"id":13,"date":"2025-08-22T14:30:48","date_gmt":"2025-08-22T19:30:48","guid":{"rendered":"https:\/\/serviciosamigables.saludcentro.gov.co\/?page_id=13"},"modified":"2025-08-29T13:48:49","modified_gmt":"2025-08-29T18:48:49","slug":"home","status":"publish","type":"page","link":"https:\/\/serviciosamigables.saludcentro.gov.co\/","title":{"rendered":"Home"},"content":{"rendered":"\t\t<div data-elementor-type=\"wp-page\" data-elementor-id=\"13\" class=\"elementor elementor-13\" data-elementor-post-type=\"page\">\n\t\t\t\t<div class=\"elementor-element elementor-element-03d8c87 e-flex e-con-boxed e-con e-parent\" data-id=\"03d8c87\" data-element_type=\"container\" data-settings=\"{&quot;background_background&quot;:&quot;classic&quot;}\">\n\t\t\t\t\t<div class=\"e-con-inner\">\n\t\t<div class=\"elementor-element elementor-element-06a304b e-con-full e-flex e-con e-child\" data-id=\"06a304b\" data-element_type=\"container\">\n\t\t\t\t<div class=\"elementor-element elementor-element-8852ad6 elementor-widget elementor-widget-image\" data-id=\"8852ad6\" data-element_type=\"widget\" data-widget_type=\"image.default\">\n\t\t\t\t\t\t\t\t\t\t\t\t\t\t\t<img decoding=\"async\" width=\"150\" height=\"147\" src=\"https:\/\/serviciosamigables.saludcentro.gov.co\/wp-content\/uploads\/2025\/08\/samigables-1.avif\" class=\"attachment-thumbnail size-thumbnail wp-image-44\" alt=\"\" \/>\t\t\t\t\t\t\t\t\t\t\t\t\t\t\t<\/div>\n\t\t<div class=\"elementor-element elementor-element-79085fc e-con-full e-flex e-con e-child\" data-id=\"79085fc\" data-element_type=\"container\">\n\t\t\t\t<div class=\"elementor-element elementor-element-d23c472 elementor-widget elementor-widget-text-editor\" data-id=\"d23c472\" data-element_type=\"widget\" data-widget_type=\"text-editor.default\">\n\t\t\t\t\t\t\t\t\t<span style=\"color: #4a2359; font-family: montserrat, sans-serif; font-size: 22px;\">Los S<\/span><span class=\"wixui-rich-text__text\" style=\"background: transparent; border: 0px; margin: 0px; outline: 0px; padding: 0px; vertical-align: baseline; color: #4a2359; font-family: montserrat, sans-serif; font-size: 22px; font-weight: bold;\">ervicios Amigables<\/span><span style=\"color: #4a2359; font-family: montserrat, sans-serif; font-size: 22px;\">\u00a0son un modelo dise\u00f1ado para adaptar las respuestas de los servicios de salud a las necesidades espec\u00edficas de la poblaci\u00f3n de 12 a 28 a\u00f1os.\u00a0<\/span><span class=\"wixui-rich-text__text\" style=\"background: transparent; border: 0px; margin: 0px; outline: 0px; padding: 0px; vertical-align: baseline; color: #4a2359; font-family: montserrat, sans-serif; font-size: 22px; font-weight: bold;\">Este enfoque se centra en adolescentes, j\u00f3venes y sus familias, fortaleciendo el v\u00ednculo entre usuarios y proveedores de salud\u00a0<\/span><span style=\"color: #4a2359; font-family: montserrat, sans-serif; font-size: 22px;\">mediante una atenci\u00f3n de calidad y estrategias de intervenci\u00f3n efectivas.<\/span>\t\t\t\t\t\t\t\t<\/div>\n\t\t\t\t<\/div>\n\t\t\t\t<\/div>\n\t\t<div class=\"elementor-element elementor-element-21a83f8 e-con-full e-flex e-con e-child\" data-id=\"21a83f8\" data-element_type=\"container\">\n\t\t\t\t<div class=\"elementor-element elementor-element-59f3af9 elementor-widget elementor-widget-image\" data-id=\"59f3af9\" data-element_type=\"widget\" data-widget_type=\"image.default\">\n\t\t\t\t\t\t\t\t\t\t\t\t\t\t\t<img fetchpriority=\"high\" decoding=\"async\" width=\"768\" height=\"618\" src=\"https:\/\/serviciosamigables.saludcentro.gov.co\/wp-content\/uploads\/2025\/08\/IMG_7247-1-768x618.webp\" class=\"attachment-medium_large size-medium_large wp-image-42\" alt=\"\" srcset=\"https:\/\/serviciosamigables.saludcentro.gov.co\/wp-content\/uploads\/2025\/08\/IMG_7247-1-768x618.webp 768w, https:\/\/serviciosamigables.saludcentro.gov.co\/wp-content\/uploads\/2025\/08\/IMG_7247-1-300x242.webp 300w, https:\/\/serviciosamigables.saludcentro.gov.co\/wp-content\/uploads\/2025\/08\/IMG_7247-1-1024x824.webp 1024w, https:\/\/serviciosamigables.saludcentro.gov.co\/wp-content\/uploads\/2025\/08\/IMG_7247-1.webp 1283w\" sizes=\"(max-width: 768px) 100vw, 768px\" \/>\t\t\t\t\t\t\t\t\t\t\t\t\t\t\t<\/div>\n\t\t\t\t<\/div>\n\t\t\t\t\t<\/div>\n\t\t\t\t<\/div>\n\t\t<div class=\"elementor-element elementor-element-00afb9e e-flex e-con-boxed e-con e-parent\" data-id=\"00afb9e\" data-element_type=\"container\" data-settings=\"{&quot;background_background&quot;:&quot;classic&quot;}\">\n\t\t\t\t\t<div class=\"e-con-inner\">\n\t\t<div class=\"elementor-element elementor-element-641081e e-con-full e-flex e-con e-child\" data-id=\"641081e\" data-element_type=\"container\">\n\t\t\t\t<div class=\"elementor-element elementor-element-00ff061 elementor-widget elementor-widget-image\" data-id=\"00ff061\" data-element_type=\"widget\" data-widget_type=\"image.default\">\n\t\t\t\t\t\t\t\t\t\t\t\t\t\t\t\t<a href=\"https:\/\/serviciosamigables.saludcentro.gov.co\/?page_id=138\">\n\t\t\t\t\t\t\t<img decoding=\"async\" width=\"600\" height=\"389\" src=\"https:\/\/serviciosamigables.saludcentro.gov.co\/wp-content\/uploads\/2025\/08\/titulo1-1.avif\" class=\"attachment-large size-large wp-image-55\" alt=\"\" \/>\t\t\t\t\t\t\t\t<\/a>\n\t\t\t\t\t\t\t\t\t\t\t\t\t\t\t<\/div>\n\t\t\t\t<\/div>\n\t\t<div class=\"elementor-element elementor-element-9b24ba7 e-con-full e-flex e-con e-child\" data-id=\"9b24ba7\" data-element_type=\"container\">\n\t\t<div class=\"elementor-element elementor-element-9220e26 e-con-full e-flex e-con e-child\" data-id=\"9220e26\" data-element_type=\"container\">\n\t\t<div class=\"elementor-element elementor-element-c30aec8 e-con-full e-flex e-con e-child\" data-id=\"c30aec8\" data-element_type=\"container\">\n\t\t\t\t<div class=\"elementor-element elementor-element-e0674b6 elementor-widget elementor-widget-image\" data-id=\"e0674b6\" data-element_type=\"widget\" data-widget_type=\"image.default\">\n\t\t\t\t\t\t\t\t\t\t\t\t\t\t\t\t<a href=\"https:\/\/serviciosamigables.saludcentro.gov.co\/?page_id=138\">\n\t\t\t\t\t\t\t<img loading=\"lazy\" decoding=\"async\" width=\"600\" height=\"170\" src=\"https:\/\/serviciosamigables.saludcentro.gov.co\/wp-content\/uploads\/2025\/08\/imagen2-1.avif\" class=\"attachment-large size-large wp-image-56\" alt=\"\" \/>\t\t\t\t\t\t\t\t<\/a>\n\t\t\t\t\t\t\t\t\t\t\t\t\t\t\t<\/div>\n\t\t\t\t<\/div>\n\t\t<div class=\"elementor-element elementor-element-48ceaa1 e-con-full e-flex e-con e-child\" data-id=\"48ceaa1\" data-element_type=\"container\">\n\t\t\t\t<div class=\"elementor-element elementor-element-7a5b291 elementor-widget elementor-widget-image\" data-id=\"7a5b291\" data-element_type=\"widget\" data-widget_type=\"image.default\">\n\t\t\t\t\t\t\t\t\t\t\t\t\t\t\t\t<a href=\"https:\/\/serviciosamigables.saludcentro.gov.co\/?page_id=138\">\n\t\t\t\t\t\t\t<img loading=\"lazy\" decoding=\"async\" width=\"600\" height=\"185\" src=\"https:\/\/serviciosamigables.saludcentro.gov.co\/wp-content\/uploads\/2025\/08\/49d3c4_c119587acc1f46fdb8f0ee4b119a3ca7mv2-1.avif\" class=\"attachment-large size-large wp-image-57\" alt=\"\" \/>\t\t\t\t\t\t\t\t<\/a>\n\t\t\t\t\t\t\t\t\t\t\t\t\t\t\t<\/div>\n\t\t\t\t<\/div>\n\t\t\t\t<\/div>\n\t\t\t\t<\/div>\n\t\t<div class=\"elementor-element elementor-element-726d197 e-con-full e-flex e-con e-child\" data-id=\"726d197\" data-element_type=\"container\">\n\t\t\t\t<div class=\"elementor-element elementor-element-7c9d7b1 elementor-widget elementor-widget-image\" data-id=\"7c9d7b1\" data-element_type=\"widget\" data-widget_type=\"image.default\">\n\t\t\t\t\t\t\t\t\t\t\t\t\t\t\t\t<a href=\"https:\/\/serviciosamigables.saludcentro.gov.co\/?page_id=138\">\n\t\t\t\t\t\t\t<img loading=\"lazy\" decoding=\"async\" width=\"600\" height=\"170\" src=\"https:\/\/serviciosamigables.saludcentro.gov.co\/wp-content\/uploads\/2025\/08\/imagen3-1.avif\" class=\"attachment-large size-large wp-image-58\" alt=\"\" \/>\t\t\t\t\t\t\t\t<\/a>\n\t\t\t\t\t\t\t\t\t\t\t\t\t\t\t<\/div>\n\t\t\t\t<\/div>\n\t\t\t\t\t<\/div>\n\t\t\t\t<\/div>\n\t\t\t\t<\/div>\n\t\t","protected":false},"excerpt":{"rendered":"<p>Los Servicios Amigables\u00a0son un modelo dise\u00f1ado para adaptar las respuestas de los servicios de salud a las necesidades espec\u00edficas de [&hellip;]<\/p>\n","protected":false},"author":1,"featured_media":0,"parent":0,"menu_order":0,"comment_status":"closed","ping_status":"closed","template":"elementor_header_footer","meta":{"site-sidebar-layout":"no-sidebar","site-content-layout":"plain-container","ast-site-content-layout":"full-width-container","site-content-style":"default","site-sidebar-style":"default","ast-global-header-display":"","ast-banner-title-visibility":"","ast-main-header-display":"","ast-hfb-above-header-display":"","ast-hfb-below-header-display":"","ast-hfb-mobile-header-display":"","site-post-title":"disabled","ast-breadcrumbs-content":"","ast-featured-img":"disabled","footer-sml-layout":"","theme-transparent-header-meta":"enabled","adv-header-id-meta":"","stick-header-meta":"","header-above-stick-meta":"","header-main-stick-meta":"","header-below-stick-meta":"","astra-migrate-meta-layouts":"default","ast-page-background-enabled":"default","ast-page-background-meta":{"desktop":{"background-color":"var(--ast-global-color-5)","background-image":"","background-repeat":"repeat","background-position":"center center","background-size":"auto","background-attachment":"scroll","background-type":"","background-media":"","overlay-type":"","overlay-color":"","overlay-opacity":"","overlay-gradient":""},"tablet":{"background-color":"","background-image":"","background-repeat":"repeat","background-position":"center center","background-size":"auto","background-attachment":"scroll","background-type":"","background-media":"","overlay-type":"","overlay-color":"","overlay-opacity":"","overlay-gradient":""},"mobile":{"background-color":"","background-image":"","background-repeat":"repeat","background-position":"center center","background-size":"auto","background-attachment":"scroll","background-type":"","background-media":"","overlay-type":"","overlay-color":"","overlay-opacity":"","overlay-gradient":""}},"ast-content-background-meta":{"desktop":{"background-color":"var(--ast-global-color-4)","background-image":"","background-repeat":"repeat","background-position":"center center","background-size":"auto","background-attachment":"scroll","background-type":"","background-media":"","overlay-type":"","overlay-color":"","overlay-opacity":"","overlay-gradient":""},"tablet":{"background-color":"var(--ast-global-color-4)","background-image":"","background-repeat":"repeat","background-position":"center center","background-size":"auto","background-attachment":"scroll","background-type":"","background-media":"","overlay-type":"","overlay-color":"","overlay-opacity":"","overlay-gradient":""},"mobile":{"background-color":"var(--ast-global-color-4)","background-image":"","background-repeat":"repeat","background-position":"center center","background-size":"auto","background-attachment":"scroll","background-type":"","background-media":"","overlay-type":"","overlay-color":"","overlay-opacity":"","overlay-gradient":""}},"footnotes":""},"class_list":["post-13","page","type-page","status-publish","hentry"],"_links":{"self":[{"href":"https:\/\/serviciosamigables.saludcentro.gov.co\/index.php?rest_route=\/wp\/v2\/pages\/13","targetHints":{"allow":["GET"]}}],"collection":[{"href":"https:\/\/serviciosamigables.saludcentro.gov.co\/index.php?rest_route=\/wp\/v2\/pages"}],"about":[{"href":"https:\/\/serviciosamigables.saludcentro.gov.co\/index.php?rest_route=\/wp\/v2\/types\/page"}],"author":[{"embeddable":true,"href":"https:\/\/serviciosamigables.saludcentro.gov.co\/index.php?rest_route=\/wp\/v2\/users\/1"}],"replies":[{"embeddable":true,"href":"https:\/\/serviciosamigables.saludcentro.gov.co\/index.php?rest_route=%2Fwp%2Fv2%2Fcomments&post=13"}],"version-history":[{"count":28,"href":"https:\/\/serviciosamigables.saludcentro.gov.co\/index.php?rest_route=\/wp\/v2\/pages\/13\/revisions"}],"predecessor-version":[{"id":216,"href":"https:\/\/serviciosamigables.saludcentro.gov.co\/index.php?rest_route=\/wp\/v2\/pages\/13\/revisions\/216"}],"wp:attachment":[{"href":"https:\/\/serviciosamigables.saludcentro.gov.co\/index.php?rest_route=%2Fwp%2Fv2%2Fmedia&parent=13"}],"curies":[{"name":"wp","href":"https:\/\/api.w.org\/{rel}","templated":true}]}}